{"id":1350,"date":"2024-08-14T11:40:49","date_gmt":"2024-08-14T14:40:49","guid":{"rendered":"https:\/\/evomate.com.br\/?page_id=1350"},"modified":"2024-08-16T15:09:04","modified_gmt":"2024-08-16T18:09:04","slug":"termos-de-uso","status":"publish","type":"page","link":"https:\/\/evomate.com.br\/index.php\/termos-de-uso\/","title":{"rendered":"termos de uso"},"content":{"rendered":"\t\t<div data-elementor-type=\"wp-page\" data-elementor-id=\"1350\" class=\"elementor elementor-1350\" data-elementor-post-type=\"page\">\n\t\t\t\t<div class=\"elementor-element elementor-element-6d7629f e-flex e-con-boxed e-con e-parent\" data-id=\"6d7629f\" data-element_type=\"container\" data-settings=\"{&quot;background_background&quot;:&quot;classic&quot;}\">\n\t\t\t\t\t<div class=\"e-con-inner\">\n\t\t\t\t<div class=\"elementor-element elementor-element-8a34b47 elementor-widget elementor-widget-text-editor\" data-id=\"8a34b47\" data-element_type=\"widget\" data-widget_type=\"text-editor.default\">\n\t\t\t\t<div class=\"elementor-widget-container\">\n\t\t\t\t\t\t\t\t\t<p>\u00a0<\/p><p>Este \u00e9 um canal de den\u00fancias criado e posto \u00e1 disposi\u00e7\u00e3o de todos que sentirem necess\u00e1rio comunicar atos de conduta indevida que viole o c\u00f3digo de conduta e \u00e9tica da empresa.<\/p><p>\u00a0<\/p><p>O Canal permite o registro de manifesta\u00e7\u00f5es referentes aos seguintes t\u00f3picos:<\/p><p>I &#8211; Abuso de Poder, caracterizado como o ato humano de se prevalecer de cargos superiores para fazer valer vontades particulares;<\/p><p>II &#8211; Agress\u00e3o F\u00edsica, caracterizada como qualquer conduta que atente contra a integridade f\u00edsica e a sa\u00fade corporal da pessoa;<\/p><p>III &#8211; Ass\u00e9dio Moral, caracterizado como a exposi\u00e7\u00e3o de pessoas a situa\u00e7\u00f5es humilhantes e constrangedoras no ambiente de trabalho, de forma repetitiva e prolongada, no exerc\u00edcio de suas atividades laborais;<\/p><p>IV &#8211; Ass\u00e9dio Sexual, caracterizado como a exposi\u00e7\u00e3o de pessoas a situa\u00e7\u00f5es humilhantes e constrangedoras com conota\u00e7\u00e3o sexual no ambiente de trabalho, de forma repetitiva e prolongada, no exerc\u00edcio de suas atividades laborais;<\/p><p>V &#8211; Discrimina\u00e7\u00e3o, caracterizada como toda distin\u00e7\u00e3o, exclus\u00e3o e\/ou prefer\u00eancia fundada em determinados crit\u00e9rios, que tenha por efeito destruir e\/ou alterar a igualdade de oportunidade e\/ou de tratamento no exerc\u00edcio de suas atividades laborais, em mat\u00e9ria de emprego e\/ou profiss\u00e3o;<\/p><p>VI &#8211; Viola\u00e7\u00e3o \u00e0s leis.<\/p><p>\u00a0<\/p><p>Ap\u00f3s preencher o formul\u00e1rio Sua den\u00fancia ser\u00e1 enviada para investiga\u00e7\u00e3o.\u00a0<\/p><p>\u200b\u200b<\/p><p>\u00c9 importante que sejam preenchidos todos os campos solicitados no formul\u00e1rio e que seu relato seja o mais detalhado poss\u00edvel.<\/p><p>O anonimato e a confidencialidade do caso ser\u00e3o garantidos!<\/p><p>\u200b<\/p><p>O conte\u00fado relatado \u00e9 de \u00fanica e exclusiva responsabilidade do denunciante.<\/p><p>\u200b<\/p><p>Denuncia\u00e7\u00e3o caluniosa e a comunica\u00e7\u00e3o falsa \u00e9 crime.\u00a0<\/p><p>\u00a0<\/p>\t\t\t\t\t\t\t\t<\/div>\n\t\t\t\t<\/div>\n\t\t\t\t\t<\/div>\n\t\t\t\t<\/div>\n\t\t<div class=\"elementor-element elementor-element-7e26471 e-con-full e-flex e-con e-parent\" data-id=\"7e26471\" data-element_type=\"container\" data-settings=\"{&quot;background_background&quot;:&quot;classic&quot;}\">\n\t\t<div class=\"elementor-element elementor-element-d1d42ba e-flex e-con-boxed e-con e-child\" data-id=\"d1d42ba\" data-element_type=\"container\">\n\t\t\t\t\t<div class=\"e-con-inner\">\n\t\t<div class=\"elementor-element elementor-element-68f5af8 e-flex e-con-boxed e-con e-child\" data-id=\"68f5af8\" data-element_type=\"container\">\n\t\t\t\t\t<div class=\"e-con-inner\">\n\t\t\t\t<div class=\"elementor-element elementor-element-5be3bbc elementor-widget__width-initial elementor-widget elementor-widget-image\" data-id=\"5be3bbc\" data-element_type=\"widget\" data-widget_type=\"image.default\">\n\t\t\t\t<div class=\"elementor-widget-container\">\n\t\t\t\t\t\t\t\t\t\t\t\t\t\t\t<img fetchpriority=\"high\" decoding=\"async\" width=\"800\" height=\"668\" src=\"https:\/\/evomate.com.br\/wp-content\/uploads\/2024\/08\/LOGO-1024x855.png\" class=\"attachment-large size-large wp-image-1029\" alt=\"\" srcset=\"https:\/\/evomate.com.br\/wp-content\/uploads\/2024\/08\/LOGO-1024x855.png 1024w, https:\/\/evomate.com.br\/wp-content\/uploads\/2024\/08\/LOGO-300x251.png 300w, https:\/\/evomate.com.br\/wp-content\/uploads\/2024\/08\/LOGO-768x641.png 768w, https:\/\/evomate.com.br\/wp-content\/uploads\/2024\/08\/LOGO-1536x1283.png 1536w, https:\/\/evomate.com.br\/wp-content\/uploads\/2024\/08\/LOGO.png 1855w\" sizes=\"(max-width: 800px) 100vw, 800px\" \/>\t\t\t\t\t\t\t\t\t\t\t\t\t\t\t<\/div>\n\t\t\t\t<\/div>\n\t\t\t\t\t<\/div>\n\t\t\t\t<\/div>\n\t\t<div class=\"elementor-element elementor-element-277d7c2 e-flex e-con-boxed e-con e-child\" data-id=\"277d7c2\" data-element_type=\"container\">\n\t\t\t\t\t<div class=\"e-con-inner\">\n\t\t\t\t<div class=\"elementor-element elementor-element-5ba0ae4 elementor-widget elementor-widget-text-editor\" data-id=\"5ba0ae4\" data-element_type=\"widget\" data-widget_type=\"text-editor.default\">\n\t\t\t\t<div class=\"elementor-widget-container\">\n\t\t\t\t\t\t\t\t\t<p>EVOMATE IND\u00daSTRIA ERVATEIRA LTDA.<\/p>\t\t\t\t\t\t\t\t<\/div>\n\t\t\t\t<\/div>\n\t\t\t\t<div class=\"elementor-element elementor-element-4c2cd86 elementor-widget elementor-widget-text-editor\" data-id=\"4c2cd86\" data-element_type=\"widget\" data-widget_type=\"text-editor.default\">\n\t\t\t\t<div class=\"elementor-widget-container\">\n\t\t\t\t\t\t\t\t\t<p>LOCALIDADE DO JACU, S\/N &#8211; INTERIOR<\/p>\t\t\t\t\t\t\t\t<\/div>\n\t\t\t\t<\/div>\n\t\t\t\t<div class=\"elementor-element elementor-element-f4cbfbc elementor-widget elementor-widget-text-editor\" data-id=\"f4cbfbc\" data-element_type=\"widget\" data-widget_type=\"text-editor.default\">\n\t\t\t\t<div class=\"elementor-widget-container\">\n\t\t\t\t\t\t\t\t\t<p>UNI\u00c3O DA VIT\u00d3RIA &#8211; PARAN\u00c1 &#8211; CEP: 84.612-899<\/p>\t\t\t\t\t\t\t\t<\/div>\n\t\t\t\t<\/div>\n\t\t\t\t<div class=\"elementor-element elementor-element-edcb48a elementor-widget elementor-widget-text-editor\" data-id=\"edcb48a\" data-element_type=\"widget\" data-widget_type=\"text-editor.default\">\n\t\t\t\t<div class=\"elementor-widget-container\">\n\t\t\t\t\t\t\t\t\t<p>EMAIL: EVOMATE@EVOMATE.COM.BR<\/p>\t\t\t\t\t\t\t\t<\/div>\n\t\t\t\t<\/div>\n\t\t\t\t\t<\/div>\n\t\t\t\t<\/div>\n\t\t<div class=\"elementor-element elementor-element-38dd524 e-flex e-con-boxed e-con e-child\" data-id=\"38dd524\" data-element_type=\"container\">\n\t\t\t\t\t<div class=\"e-con-inner\">\n\t\t\t\t<div class=\"elementor-element elementor-element-313d9bc elementor-widget elementor-widget-text-editor\" data-id=\"313d9bc\" data-element_type=\"widget\" data-widget_type=\"text-editor.default\">\n\t\t\t\t<div class=\"elementor-widget-container\">\n\t\t\t\t\t\t\t\t\t<p>PRODUTO.<\/p>\t\t\t\t\t\t\t\t<\/div>\n\t\t\t\t<\/div>\n\t\t\t\t<div class=\"elementor-element elementor-element-ee4025c elementor-widget elementor-widget-text-editor\" data-id=\"ee4025c\" data-element_type=\"widget\" data-widget_type=\"text-editor.default\">\n\t\t\t\t<div class=\"elementor-widget-container\">\n\t\t\t\t\t\t\t\t\t<p>SUSTENTABILIDADE<\/p>\t\t\t\t\t\t\t\t<\/div>\n\t\t\t\t<\/div>\n\t\t\t\t<div class=\"elementor-element elementor-element-8178f6b elementor-widget elementor-widget-text-editor\" data-id=\"8178f6b\" data-element_type=\"widget\" data-widget_type=\"text-editor.default\">\n\t\t\t\t<div class=\"elementor-widget-container\">\n\t\t\t\t\t\t\t\t\t<p>SOBRE<\/p>\t\t\t\t\t\t\t\t<\/div>\n\t\t\t\t<\/div>\n\t\t\t\t<div class=\"elementor-element elementor-element-4cc3464 elementor-widget elementor-widget-text-editor\" data-id=\"4cc3464\" data-element_type=\"widget\" data-widget_type=\"text-editor.default\">\n\t\t\t\t<div class=\"elementor-widget-container\">\n\t\t\t\t\t\t\t\t\t<p>CONTATO<\/p>\t\t\t\t\t\t\t\t<\/div>\n\t\t\t\t<\/div>\n\t\t\t\t\t<\/div>\n\t\t\t\t<\/div>\n\t\t<div class=\"elementor-element elementor-element-ccf5f60 e-flex e-con-boxed e-con e-child\" data-id=\"ccf5f60\" data-element_type=\"container\">\n\t\t\t\t\t<div class=\"e-con-inner\">\n\t\t\t\t<div class=\"elementor-element elementor-element-2cd4d75 elementor-widget elementor-widget-text-editor\" data-id=\"2cd4d75\" data-element_type=\"widget\" data-widget_type=\"text-editor.default\">\n\t\t\t\t<div class=\"elementor-widget-container\">\n\t\t\t\t\t\t\t\t\t<p>IDIOMAS:<\/p>\t\t\t\t\t\t\t\t<\/div>\n\t\t\t\t<\/div>\n\t\t<div class=\"elementor-element elementor-element-acc4dc9 e-flex e-con-boxed e-con e-child\" data-id=\"acc4dc9\" data-element_type=\"container\">\n\t\t\t\t\t<div class=\"e-con-inner\">\n\t\t\t\t<div class=\"elementor-element elementor-element-ad81025 elementor-widget__width-initial elementor-widget elementor-widget-shortcode\" data-id=\"ad81025\" data-element_type=\"widget\" data-widget_type=\"shortcode.default\">\n\t\t\t\t<div class=\"elementor-widget-container\">\n\t\t\t\t\t\t\t<div class=\"elementor-shortcode\">[gtranslate]<\/div>\n\t\t\t\t\t\t<\/div>\n\t\t\t\t<\/div>\n\t\t\t\t<div class=\"elementor-element elementor-element-5d02e8b elementor-widget elementor-widget-button\" data-id=\"5d02e8b\" data-element_type=\"widget\" data-widget_type=\"button.default\">\n\t\t\t\t<div class=\"elementor-widget-container\">\n\t\t\t\t\t\t\t\t\t<div class=\"elementor-button-wrapper\">\n\t\t\t\t\t<a class=\"elementor-button elementor-button-link elementor-size-sm\" href=\"#elementor-action%3Aaction%3Dpopup%3Aopen%26settings%3DeyJpZCI6IjEwNjYiLCJ0b2dnbGUiOmZhbHNlfQ%3D%3D\">\n\t\t\t\t\t\t<span class=\"elementor-button-content-wrapper\">\n\t\t\t\t\t\t\t\t\t<span class=\"elementor-button-text\">Canal de comunica\u00e7\u00e3o<\/span>\n\t\t\t\t\t<\/span>\n\t\t\t\t\t<\/a>\n\t\t\t\t<\/div>\n\t\t\t\t\t\t\t\t<\/div>\n\t\t\t\t<\/div>\n\t\t\t\t\t<\/div>\n\t\t\t\t<\/div>\n\t\t\t\t\t<\/div>\n\t\t\t\t<\/div>\n\t\t\t\t\t<\/div>\n\t\t\t\t<\/div>\n\t\t\t\t<\/div>\n\t\t\t\t<\/div>\n\t\t","protected":false},"excerpt":{"rendered":"<p>\u00a0 Este \u00e9 um canal de den\u00fancias criado e posto \u00e1 disposi\u00e7\u00e3o de todos que sentirem necess\u00e1rio comunicar atos de conduta indevida que viole o c\u00f3digo de conduta e \u00e9tica da empresa. \u00a0 O Canal permite o registro de manifesta\u00e7\u00f5es referentes aos seguintes t\u00f3picos: I &#8211; Abuso de Poder, caracterizado como o ato humano de [&hellip;]<\/p>\n","protected":false},"author":1,"featured_media":0,"parent":0,"menu_order":0,"comment_status":"closed","ping_status":"closed","template":"","meta":{"footnotes":""},"class_list":["post-1350","page","type-page","status-publish","hentry"],"_links":{"self":[{"href":"https:\/\/evomate.com.br\/index.php\/wp-json\/wp\/v2\/pages\/1350","targetHints":{"allow":["GET"]}}],"collection":[{"href":"https:\/\/evomate.com.br\/index.php\/wp-json\/wp\/v2\/pages"}],"about":[{"href":"https:\/\/evomate.com.br\/index.php\/wp-json\/wp\/v2\/types\/page"}],"author":[{"embeddable":true,"href":"https:\/\/evomate.com.br\/index.php\/wp-json\/wp\/v2\/users\/1"}],"replies":[{"embeddable":true,"href":"https:\/\/evomate.com.br\/index.php\/wp-json\/wp\/v2\/comments?post=1350"}],"version-history":[{"count":0,"href":"https:\/\/evomate.com.br\/index.php\/wp-json\/wp\/v2\/pages\/1350\/revisions"}],"wp:attachment":[{"href":"https:\/\/evomate.com.br\/index.php\/wp-json\/wp\/v2\/media?parent=1350"}],"curies":[{"name":"wp","href":"https:\/\/api.w.org\/{rel}","templated":true}]}}